{"id":126,"date":"2022-03-02T18:44:07","date_gmt":"2022-03-02T18:44:07","guid":{"rendered":"http:\/\/catralgarden.com\/?page_id=126"},"modified":"2022-07-04T13:25:21","modified_gmt":"2022-07-04T11:25:21","slug":"empresa","status":"publish","type":"page","link":"https:\/\/catralgarden.com\/de\/empresa\/","title":{"rendered":"Empresa"},"content":{"rendered":"<div id=\"checkered-block_62611295d6685\" class=\"checkered_block checkered_block-direction_right\">\n    <figure class=\"checkered_block-image\"><img decoding=\"async\" src=\"https:\/\/catralgarden.com\/de\/wp-content\/uploads\/sites\/5\/2022\/07\/Empresa.jpg\" alt=\"Empresa 0\" \/><\/figure>\n    <div class=\"checkered_block-content\">\n        <h2>Nuestra historia<\/h2>\n<p>\u00a1Hola! Somos Catral Garden, una empresa que nace en 1928 como un negocio familiar de fabricaci\u00f3n y comercializaci\u00f3n de escobas hechas con materias primas aut\u00f3ctonas como eran la palma y el ca\u00f1izo. De Catral sal\u00edan miles y miles de escobas tanto a nivel nacional como a Portugal y Francia.<\/p>\n<p>Es en los a\u00f1os 70 cuando Catral comienza la comercializaci\u00f3n de ca\u00f1izo para los falsos techos propios de las construcciones de estos a\u00f1os. Sin embargo, a\u00f1os posteriores lleg\u00f3 la escayola como sustituta del ca\u00f1izo para este uso y Catral tuvo que reaccionar, y lo hizo. As\u00ed, Catral comenz\u00f3 a fabricar vallas de ca\u00f1izo en lugar de usarlo para techos, y ya en los a\u00f1os 80, comenz\u00f3 a exportar con gran fuerza su ca\u00f1izo rajado para vallas y otros productos de jard\u00edn.<\/p>\n<p>En la actualidad, casi rozando el siglo de vida, Catral Garden suministra material para jard\u00edn al 80% de las grandes compa\u00f1\u00edas del bricolaje en el \u00e1mbito europeo. Siempre adapt\u00e1ndonos al cambio y a las adversidades, en Catral continuamos creciendo y evolucionando orgullosos de nuestro trabajo y nuestra aportaci\u00f3n.<\/p>\n    <\/div>\n<\/div>\n\n<div id=\"checkered-block_6261135dd6688\" class=\"checkered_block checkered_block-direction_left\">\n    <figure class=\"checkered_block-image\"><img decoding=\"async\" src=\"https:\/\/catralgarden.com\/de\/wp-content\/uploads\/sites\/5\/2022\/06\/valores2.jpg\" alt=\"Empresa 1\" \/><\/figure>\n    <div class=\"checkered_block-content\">\n        <h2>Valores<\/h2>\n<p>Nuestros valores son la gu\u00eda para todo lo que hacemos. Empezando por las personas que hacemos de Catral la compa\u00f1\u00eda que es, gracias a nuestro <strong>compromiso, implicaci\u00f3n, resiliencia y cultura del esfuerzo.<\/strong> <\/p>\n<p>Siguiendo con la responsabilidad, sostenibilidad, honestidad,\u00a0 \u00e9tica y humanidad con la sociedad y con el medioambiente en todos los procesos, cumpliendo compromisos y generando confianza entre trabajadores, clientes, colaboradores y proveedores.<\/p>\n    <\/div>\n<\/div>\n\n<div id=\"checkered-block_626028adc1e79\" class=\"checkered_block checkered_block-direction_right\">\n    <figure class=\"checkered_block-image\"><img decoding=\"async\" src=\"https:\/\/catralgarden.com\/de\/wp-content\/uploads\/sites\/5\/2022\/06\/adiadehoy2.jpg\" alt=\"Empresa 2\" \/><\/figure>\n    <div class=\"checkered_block-content\">\n        <h2>Somos fabricantes<\/h2>\n<p>Como adelantamos en Nuestra historia, somos pioneros en la producci\u00f3n de ocultaciones y cerramientos para el jard\u00edn.<\/p>\n<p>La apuesta por la fabricaci\u00f3n propia en nuestra planta de Alicante es una de las premisas que Catral mantiene desde sus comienzos, con la fabricaci\u00f3n de ca\u00f1izo de pvc en un principio, hasta la actualidad, produciendo \u00edntegramente productos como setos artificiales, mimbre ecol\u00f3gico LOP\u00ae o celos\u00edas decorativas.<\/p>\n<p>As\u00ed, nos encontramos en una nueva fase, renovada, profesionalizada y con perspectiva de futuro. La capacidad log\u00edstica de Catral es uno de los principales valores: disponemos de un servicio log\u00edstico puntual y eficiente con un portfolio de m\u00e1s de 2.000 referencias.<\/p>\n<p>En definitiva, conocemos muy bien el mercado del jard\u00edn y tambi\u00e9n las necesidades de los peque\u00f1os y grandes distribuidores, as\u00ed como la de los consumidores, y nos esforzamos cada d\u00eda en seguir haci\u00e9ndolo y dando lo mejor de nosotros.<\/p>\n    <\/div>\n<\/div>\n\n<div id=\"checkered-block_62c2cafa294ca\" class=\"checkered_block checkered_block-direction_left\">\n    <figure class=\"checkered_block-image\"><img decoding=\"async\" src=\"https:\/\/catralgarden.com\/de\/wp-content\/uploads\/sites\/5\/2022\/07\/mision.jpg\" alt=\"Empresa 3\" \/><\/figure>\n    <div class=\"checkered_block-content\">\n        <h2>Misi\u00f3n<\/h2>\n<p>Nuestra misi\u00f3n es hacer la vida m\u00e1s f\u00e1cil y c\u00f3moda a nuestros clientes finales, despertando en las personas la motivaci\u00f3n para crear entornos m\u00e1s agradables, ofreciendo soluciones innovadoras y eco-responsables en fabricaci\u00f3n propia y comercializaci\u00f3n en Bricolaje y Jardiner\u00eda, con un foco cada vez mayor en una cadena de suministro responsable, sostenible y con un alto servicio.<\/p>\n    <\/div>\n<\/div>\n\n<div id=\"checkered-block_62611342d6687\" class=\"checkered_block checkered_block-direction_right\">\n    <figure class=\"checkered_block-image\"><img decoding=\"async\" src=\"https:\/\/catralgarden.com\/de\/wp-content\/uploads\/sites\/5\/2022\/07\/vision.jpg\" alt=\"Empresa 4\" \/><\/figure>\n    <div class=\"checkered_block-content\">\n        <h2>Visi\u00f3n<\/h2>\n<p>Nuestra visi\u00f3n es ser una empresa <strong>l\u00edder de \u00e1mbito internacional<\/strong>, en el mundo del Bricolaje y Jardiner\u00eda, adaptada a lo que el mercado demanda y con identidad propia, capaz de satisfacer los gustos m\u00e1s exigentes, mientras creamos valor para nuestros accionistas, nos convertimos en socios estrat\u00e9gicos de nuestro canal, en el colaborador m\u00e1s activo de nuestros proveedores, y en el hogar preferido de nuestros empleados para desarrollarse personal y profesionalmente.<\/p>\n    <\/div>\n<\/div>\n\n<div id=\"checkered-block_62c29c97f8bf7\" class=\"checkered_block checkered_block-direction_left\">\n    <figure class=\"checkered_block-image\"><img decoding=\"async\" src=\"https:\/\/catralgarden.com\/de\/wp-content\/uploads\/sites\/5\/2022\/07\/plan-igualdad.jpg\" alt=\"Empresa 5\" \/><\/figure>\n    <div class=\"checkered_block-content\">\n        <h2>Plan de Igualdad<\/h2>\n<p>En Catral Garden hemos firmado nuestro primer Plan de Igualdad.<\/p>\n<p>Con esto, Catral ha declarado su compromiso en el establecimiento y desarrollo de pol\u00edticas que integren la igualdad efectiva de trato y oportunidades entre mujeres y hombres, sin discriminar directa o indirectamente por raz\u00f3n de sexo, as\u00ed como en el impulso y fomento de medidas para conseguir la igualdad real en el seno de la compa\u00f1\u00eda, estableciendo la igualdad de oportunidades entre mujeres y hombres como un principio estrat\u00e9gico de nuestras Pol\u00edticas Corporativas y de Recursos Humanos.<\/p>\n<p>Juntos seguimos creciendo y mejorando nuestro sistema de gesti\u00f3n en todos los \u00e1mbitos.<\/p>\n    <\/div>\n<\/div>","protected":false},"excerpt":{"rendered":"","protected":false},"author":1,"featured_media":4074,"parent":0,"menu_order":0,"comment_status":"closed","ping_status":"closed","template":"page-template\/corporativa.php","meta":{"_acf_changed":false,"footnotes":""},"class_list":["post-126","page","type-page","status-publish","has-post-thumbnail","hentry"],"acf":[],"_links":{"self":[{"href":"https:\/\/catralgarden.com\/de\/wp-json\/wp\/v2\/pages\/126","targetHints":{"allow":["GET"]}}],"collection":[{"href":"https:\/\/catralgarden.com\/de\/wp-json\/wp\/v2\/pages"}],"about":[{"href":"https:\/\/catralgarden.com\/de\/wp-json\/wp\/v2\/types\/page"}],"author":[{"embeddable":true,"href":"https:\/\/catralgarden.com\/de\/wp-json\/wp\/v2\/users\/1"}],"replies":[{"embeddable":true,"href":"https:\/\/catralgarden.com\/de\/wp-json\/wp\/v2\/comments?post=126"}],"version-history":[{"count":37,"href":"https:\/\/catralgarden.com\/de\/wp-json\/wp\/v2\/pages\/126\/revisions"}],"predecessor-version":[{"id":4128,"href":"https:\/\/catralgarden.com\/de\/wp-json\/wp\/v2\/pages\/126\/revisions\/4128"}],"wp:featuredmedia":[{"embeddable":true,"href":"https:\/\/catralgarden.com\/de\/wp-json\/wp\/v2\/media\/4074"}],"wp:attachment":[{"href":"https:\/\/catralgarden.com\/de\/wp-json\/wp\/v2\/media?parent=126"}],"curies":[{"name":"wp","href":"https:\/\/api.w.org\/{rel}","templated":true}]}}