{"id":130,"date":"2022-03-02T18:44:42","date_gmt":"2022-03-02T18:44:42","guid":{"rendered":"http:\/\/catralgarden.com\/?page_id=130"},"modified":"2022-05-02T14:07:22","modified_gmt":"2022-05-02T14:07:22","slug":"politica-de-privacidad","status":"publish","type":"page","link":"https:\/\/catralgarden.com\/de\/politica-de-privacidad\/","title":{"rendered":"Pol\u00edtica de privacidad"},"content":{"rendered":"\n<h2 class=\"wp-block-heading\">RESPONSABLE<\/h2>\n\n\n\n<p>1. Identidad<\/p>\n\n\n\n<p>Empresa: CATRAL GARDEN &amp; HOME DEPOT S.A.<br>CIF: A54802020<br>Dir. CTRA. CATRAL &#8211; SAN ISIDRO, KM 1<br>Ciudad: ALICANTE<br>CP: 03158<br>Tel\u00e9fono: 965723194<br>E-Mail: info@catralgarden.com<br>Datos de contacto del delegado en protecci\u00f3n de datos: No se dispone de Delegado.<\/p>\n\n\n\n<h2 class=\"wp-block-heading\">FINALIDADES<\/h2>\n\n\n\n<p>2. Descripci\u00f3n ampliada de la finalidad\/es del tratamiento:Trataremos sus datos para la gesti\u00f3n administrativa, contable y fiscal as\u00ed como la publicidad y prospecci\u00f3n comercial.<\/p>\n\n\n\n<h2 class=\"wp-block-heading\">CONSERVACI\u00d3N<\/h2>\n\n\n\n<p>3. Plazos o criterios de conservaci\u00f3n de los datos:<\/p>\n\n\n\n<p>Los datos personales proporcionados se conservar\u00e1n mientras se mantenga la relaci\u00f3n con la entidad y no se solicite su supresi\u00f3n por el interesado, ser\u00e1n conservados conforme a los plazos legales establecidos en materia fiscal y contable, tomando como referencia la \u00faltima comunicaci\u00f3n.<\/p>\n\n\n\n<h2 class=\"wp-block-heading\">DECISIONES<\/h2>\n\n\n\n<p>4. Decisiones automatizadas, perfiles y l\u00f3gica aplicada:<\/p>\n\n\n\n<p>La empresa NO tomar\u00e1 decisiones automatizadas, perfiles \u00f3 l\u00f3gica aplicada a sus datos.<\/p>\n\n\n\n<h2 class=\"wp-block-heading\">LEGITIMACI\u00d3N<\/h2>\n\n\n\n<p>5. Legitimaci\u00f3n por ejecuci\u00f3n de un contrato:<\/p>\n\n\n\n<p>Debido a que el tratamiento es necesario para la ejecuci\u00f3n de un contrato mercantil, en el que usted es parte , se hace constar que el tipo de contrato de que se trata, es el citado contrato mercantil o la relaci\u00f3n precontractual.<\/p>\n\n\n\n<p>Como la comunicaci\u00f3n de datos personales es un requisito legal o contractual y un requisito necesario para suscribir el citado contrato, se informa al interesado que est\u00e1 obligado a facilitar los datos personales, y as\u00ed mismo que&nbsp; las consecuencias de no hacerlo pueden suponer la no prestaci\u00f3n del servicio solicitado.<\/p>\n\n\n\n<h2 class=\"wp-block-heading\">DESTINATARIOS<\/h2>\n\n\n\n<p>6. Durante el periodo de duraci\u00f3n del tratamiento, CATRAL GARDEN &amp; HOME DEPOT S.A. realizar\u00e1 las cesiones legales previstas, gesti\u00f3n con entidades bancarias y organizaciones o personas directamente relacionadas con el responsable.<\/p>\n\n\n\n<p>7. Opcionalmente se realizaran transferencias temporales a Empresas de Servicios inform\u00e1ticos: Encargados de Tratamiento fuera de la UE, acogido a Privacy Shield. La Entidad contrata su infraestructura virtual seg\u00fan un modelo de computaci\u00f3n en la nube a trav\u00e9s de un proveedor y al amparo del acuerdo EU-US Privacy Shield. &#8211; Informaci\u00f3n disponible en: https:\/\/www.privacyshield.gov<\/p>\n\n\n\n<h2 class=\"wp-block-heading\">DERECHOS<\/h2>\n\n\n\n<p>8. El interesado puede ejercer los siguientes derechos:<\/p>\n\n\n\n<ul class=\"wp-block-list\"><li>Derecho a solicitar el acceso a sus datos personales.<\/li><li>Derecho a solicitar su rectificaci\u00f3n o supresi\u00f3n.<\/li><li>Derecho a solicitar la limitaci\u00f3n de su tratamiento.<\/li><li>Derecho a oponerse al tratamiento.<\/li><li>Derecho a la portabilidad de los datos.<\/li><li>Derecho a retirar el consentimiento prestado.<\/li><\/ul>\n\n\n\n<p>Cualquier persona tiene derecho a obtener confirmaci\u00f3n sobre si en la Entidad estamos tratando datos personales que les conciernan, o no. Las personas interesadas tienen derecho a acceder a sus datos personales, as\u00ed como a solicitar la rectificaci\u00f3n de los datos inexactos o, en su caso, solicitar su supresi\u00f3n cuando, entre otros motivos, los datos ya no sean necesarios para los fines que fueron recogidos.<\/p>\n\n\n\n<p>En determinadas circunstancias, los interesados podr\u00e1n solicitar la limitaci\u00f3n del tratamiento de sus datos, en cuyo caso \u00fanicamente los conservaremos para el ejercicio o la defensa de reclamaciones. En determinadas circunstancias y por motivos relacionados con su situaci\u00f3n particular, los interesados podr\u00e1n oponerse al tratamiento de sus&nbsp; datos. En este caso, la entidad,&nbsp; dejar\u00e1 de tratar los datos, salvo por motivos leg\u00edtimos imperiosos, o el ejercicio o la defensa de posibles reclamaciones.<\/p>\n\n\n\n<p>Si ha otorgado su consentimiento para alguna finalidad concreta, tiene derecho a retirar el consentimiento otorgado en cualquier momento, sin que ello afecte a la licitud del tratamiento basado en el consentimiento previo a su retirada.<\/p>\n\n\n\n<p>Para ello podr\u00e1 emplear los formularios habilitados por la empresa, o bien dirigir un escrito a:<\/p>\n\n\n\n<p>CATRAL GARDEN &amp; HOME DEPOT S.A., CTRA. CATRAL &#8211; SAN ISIDRO, KM 1 (03158) CATRAL (ALICANTE).&nbsp;<\/p>\n\n\n\n<p>Tambi\u00e9n puede enviar un email a: info@catralgarden.com<\/p>\n\n\n\n<p>En caso de que sienta vulnerados sus derechos en lo concerniente a la protecci\u00f3n de sus datos personales, especialmente cuando no haya obtenido satisfacci\u00f3n en el ejercicio de sus derechos, puede presentar una reclamaci\u00f3n ante la Autoridad de Control en materia de Protecci\u00f3n de Datos competente a trav\u00e9s de su sitio web: www.agpd.es.<\/p>\n\n\n\n<p>En cumplimiento de lo prevenido en el art\u00edculo 21 de la Ley 34\/2002 de servicios de la sociedad de la informaci\u00f3n y comercio electr\u00f3nico, si usted no desea recibir m\u00e1s informaci\u00f3n sobre nuestros servicios, puede darse de baja en la siguiente direcci\u00f3n de correo electr\u00f3nico de la entidad, indicando en el asunto &#8220;No enviar correos&#8221;.<\/p>\n\n\n\n<h2 class=\"wp-block-heading\">PROCEDENCIA DE LOS DATOS<\/h2>\n\n\n\n<p>Los datos personales que tratamos en CATRAL GARDEN &amp; HOME DEPOT S.A. proceden directamente de usted:<\/p>\n\n\n\n<ul class=\"wp-block-list\"><li>El propio interesado o su representante legal.<\/li><li>Las categor\u00edas de datos que se tratan son:<\/li><li>Car\u00e1cter Identificativo<\/li><li>Caracter\u00edsticas personales<\/li><li>Circunstancias sociales<\/li><li>Acad\u00e9micos y profesionales<\/li><li>Detalles de empleo<\/li><li>Econ\u00f3mico-Financieros<\/li><li>Transacciones de bienes y servicios<\/li><\/ul>\n\n\n\n<p>No se tratan datos especialmente protegidos.<\/p>\n","protected":false},"excerpt":{"rendered":"<p>RESPONSABLE 1. Identidad Empresa: CATRAL GARDEN &amp; HOME DEPOT S.A.CIF: A54802020Dir. CTRA. CATRAL &#8211; SAN ISIDRO, KM 1Ciudad: ALICANTECP: 03158Tel\u00e9fono: 965723194E-Mail: info@catralgarden.comDatos de contacto del delegado en protecci\u00f3n de datos: No se dispone de Delegado. FINALIDADES 2. Descripci\u00f3n ampliada de la finalidad\/es del tratamiento:Trataremos sus datos para la gesti\u00f3n administrativa, contable y fiscal as\u00ed como [&hellip;]<\/p>\n","protected":false},"author":1,"featured_media":0,"parent":0,"menu_order":0,"comment_status":"closed","ping_status":"closed","template":"","meta":{"_acf_changed":false,"footnotes":""},"class_list":["post-130","page","type-page","status-publish","hentry"],"acf":[],"_links":{"self":[{"href":"https:\/\/catralgarden.com\/de\/wp-json\/wp\/v2\/pages\/130","targetHints":{"allow":["GET"]}}],"collection":[{"href":"https:\/\/catralgarden.com\/de\/wp-json\/wp\/v2\/pages"}],"about":[{"href":"https:\/\/catralgarden.com\/de\/wp-json\/wp\/v2\/types\/page"}],"author":[{"embeddable":true,"href":"https:\/\/catralgarden.com\/de\/wp-json\/wp\/v2\/users\/1"}],"replies":[{"embeddable":true,"href":"https:\/\/catralgarden.com\/de\/wp-json\/wp\/v2\/comments?post=130"}],"version-history":[{"count":2,"href":"https:\/\/catralgarden.com\/de\/wp-json\/wp\/v2\/pages\/130\/revisions"}],"predecessor-version":[{"id":2640,"href":"https:\/\/catralgarden.com\/de\/wp-json\/wp\/v2\/pages\/130\/revisions\/2640"}],"wp:attachment":[{"href":"https:\/\/catralgarden.com\/de\/wp-json\/wp\/v2\/media?parent=130"}],"curies":[{"name":"wp","href":"https:\/\/api.w.org\/{rel}","templated":true}]}}