{"id":2,"date":"2016-05-10T03:48:21","date_gmt":"2016-05-10T03:48:21","guid":{"rendered":"http:\/\/catralgarden.com\/?page_id=2"},"modified":"2025-02-14T13:31:23","modified_gmt":"2025-02-14T13:31:23","slug":"sample-page","status":"publish","type":"page","link":"https:\/\/catralgarden.com\/de\/","title":{"rendered":"Catral Garden and Home"},"content":{"rendered":"\n<h1 class=\"wp-block-heading\">Conoce Catral Garden<\/h1>\n\n\n\n<p>Desde 1928 somos pioneros en la producci\u00f3n de ocultaci\u00f3n y cerramientos para jard\u00edn.<\/p>\n\n\n\n<p>Con un servicio de alta calidad, somos proveedores estrat\u00e9gicos en la mayor cadena de distribuci\u00f3n de Europa.<\/p>\n\n\n\n<p>Conocemos muy bien el mercado de la jardiner\u00eda  tambi\u00e9n las necesidades de los peque\u00f1os y grandes distribuidores as\u00ed como de los consumidores.<\/p>\n\n\n\n<p><a class=\"uk-button uk-button-default\">Con\u00f3cenos<\/a><\/p>\n","protected":false},"excerpt":{"rendered":"<p>Conoce Catral Garden Desde 1928 somos pioneros en la producci\u00f3n de ocultaci\u00f3n y cerramientos para jard\u00edn. Con un servicio de alta calidad, somos proveedores estrat\u00e9gicos en la mayor cadena de distribuci\u00f3n de Europa. Conocemos muy bien el mercado de la jardiner\u00eda tambi\u00e9n las necesidades de los peque\u00f1os y grandes distribuidores as\u00ed como de los consumidores. [&hellip;]<\/p>\n","protected":false},"author":1,"featured_media":0,"parent":0,"menu_order":0,"comment_status":"closed","ping_status":"open","template":"","meta":{"_acf_changed":false,"footnotes":""},"class_list":["post-2","page","type-page","status-publish","hentry"],"acf":[],"_links":{"self":[{"href":"https:\/\/catralgarden.com\/de\/wp-json\/wp\/v2\/pages\/2","targetHints":{"allow":["GET"]}}],"collection":[{"href":"https:\/\/catralgarden.com\/de\/wp-json\/wp\/v2\/pages"}],"about":[{"href":"https:\/\/catralgarden.com\/de\/wp-json\/wp\/v2\/types\/page"}],"author":[{"embeddable":true,"href":"https:\/\/catralgarden.com\/de\/wp-json\/wp\/v2\/users\/1"}],"replies":[{"embeddable":true,"href":"https:\/\/catralgarden.com\/de\/wp-json\/wp\/v2\/comments?post=2"}],"version-history":[{"count":58,"href":"https:\/\/catralgarden.com\/de\/wp-json\/wp\/v2\/pages\/2\/revisions"}],"predecessor-version":[{"id":4203,"href":"https:\/\/catralgarden.com\/de\/wp-json\/wp\/v2\/pages\/2\/revisions\/4203"}],"wp:attachment":[{"href":"https:\/\/catralgarden.com\/de\/wp-json\/wp\/v2\/media?parent=2"}],"curies":[{"name":"wp","href":"https:\/\/api.w.org\/{rel}","templated":true}]}}