{"id":126,"date":"2022-03-02T18:44:07","date_gmt":"2022-03-02T18:44:07","guid":{"rendered":"http:\/\/catralgarden.com\/?page_id=126"},"modified":"2022-07-06T09:28:29","modified_gmt":"2022-07-06T09:28:29","slug":"empresa","status":"publish","type":"page","link":"https:\/\/catralgarden.com\/fr\/empresa\/","title":{"rendered":"Compagnie"},"content":{"rendered":"<div id=\"checkered-block_62611295d6685\" class=\"checkered_block checkered_block-direction_right\">\n    <figure class=\"checkered_block-image\"><img decoding=\"async\" src=\"https:\/\/catralgarden.com\/fr\/wp-content\/uploads\/sites\/3\/2022\/07\/Empresa.jpg\" alt=\"Compagnie 0\" \/><\/figure>\n    <div class=\"checkered_block-content\">\n        <h2>Notre histoire<\/h2>\n<p>Bonjour ! Nous sommes Catral Garden, qui est n\u00e9e en 1928 comme une entreprise familiale de fabrication et commercialisation de balais faits avec des mati\u00e8res premi\u00e8res locales, comme le bois de palmier et la canisse. Catral fabriquait des milliers de balais, vendus sur le march\u00e9 national mais aussi en France et au Portugal.<\/p>\n<p>C&#8217;est au cours des ann\u00e9es 70 que Catral commence \u00e0 commercialiser la canisse pour les faux plafonds propres aux constructions de cette \u00e9poque. Cependant, quelques ann\u00e9es plus tard c&#8217;est le pl\u00e2tre qui a remplac\u00e9 la canisse pour cet usage, et Catral a d\u00fb r\u00e9agir, ce qu&#8217;elle a fait en commen\u00e7ant \u00e0 fabriquer des haies en canisse au lieu de l&#8217;utiliser pour les plafonds. C&#8217;est ainsi que, dans les ann\u00e9es 80, elle a commenc\u00e9 \u00e0 exporter en grandes quantit\u00e9s sa canisse fendue pour haies et autres produits pour le jardin.<\/p>\n<p>De nous jours, apr\u00e8s presque un si\u00e8cle de vie, Catral Garden fournit du mat\u00e9riel de jardinage \u00e0 80 % des grandes entreprises de bricolage europ\u00e9ennes. En s&#8217;adaptant toujours aux changements et aux adversit\u00e9s, et fi\u00e8re de son travail et de cette contribution, Catral continue sans cesse de se d\u00e9velopper et d&#8217;\u00e9voluer.<\/p>\n    <\/div>\n<\/div>\n\n<div id=\"checkered-block_626028adc1e79\" class=\"checkered_block checkered_block-direction_left\">\n    <figure class=\"checkered_block-image\"><img decoding=\"async\" src=\"https:\/\/catralgarden.com\/fr\/wp-content\/uploads\/sites\/3\/2022\/06\/adiadehoy2.jpg\" alt=\"Compagnie 1\" \/><\/figure>\n    <div class=\"checkered_block-content\">\n        <h2>Catral Garden, aujourd&#8217;hui<\/h2>\n<p>Comme nous l&#8217;avons signal\u00e9 dans Notre Histoire, nous sommes pionniers dans la production d&#8217;occultations et de cl\u00f4tures pour le jardin.<\/p>\n<p>Notre engagement pour une fabrication en propre dans notre usine d&#8217;Alicante est un des principes de base que Catral respecte depuis sa naissance, initialement avec la fabrication de canisse en PVC , et de nos jours avec une production int\u00e9grale de produits comme les haies artificielles, l&#8217;osier \u00e9cologique LOP\u00ae ou les treillis d\u00e9coratifs.<\/p>\n<p>Nous nous trouvons d\u00e9sormais dans une nouvelle \u00e9tape, r\u00e9nov\u00e9e, professionnalis\u00e9e et forte d&#8217;une vision d&#8217;avenir. La capacit\u00e9 logistique de Catral est un de nos atouts majeurs : nous proposons un service logistique ponctuel et efficace, avec un portefeuille de plus de 2 000 r\u00e9f\u00e9rences.<\/p>\n<p>En d\u00e9finitive, nous connaissons parfaitement le march\u00e9 du jardin, mais aussi les besoins des petits et grands distributeurs et ceux des consommateurs, et nous nous effor\u00e7ons jour apr\u00e8s jour de continuer \u00e0 donner le meilleur de nous-m\u00eames.<\/p>\n    <\/div>\n<\/div>\n\n<div id=\"checkered-block_62611318d6686\" class=\"checkered_block checkered_block-direction_right\">\n    <figure class=\"checkered_block-image\"><img decoding=\"async\" src=\"https:\/\/catralgarden.com\/fr\/wp-content\/uploads\/sites\/3\/2022\/07\/mision.jpg\" alt=\"Compagnie 2\" \/><\/figure>\n    <div class=\"checkered_block-content\">\n        <h2>Mission<\/h2>\n<p>Notre mission consiste \u00e0 rendre plus facile et confortable la vie de nos clients finaux, en \u00e9veillant leur motivation pour cr\u00e9er des environnements plus conviviaux et en leur proposant des solutions innovantes et \u00e9co-responsables gr\u00e2ce \u00e0 notre fabrication en propre et notre commercialisation en Bricolage et Jardinage. En outre, nous mettons de plus en plus l&#8217;accent sur une cha\u00eene d&#8217;approvisionnement responsable, durable et forte d&#8217;un service de qualit\u00e9.<\/p>\n    <\/div>\n<\/div>\n\n<div id=\"checkered-block_62611342d6687\" class=\"checkered_block checkered_block-direction_left\">\n    <figure class=\"checkered_block-image\"><img decoding=\"async\" src=\"https:\/\/catralgarden.com\/fr\/wp-content\/uploads\/sites\/3\/2022\/07\/vision.jpg\" alt=\"Compagnie 3\" \/><\/figure>\n    <div class=\"checkered_block-content\">\n        <h2>Vision<\/h2>\n<p>Notre vision consiste \u00e0 devenir une entreprise leader de port\u00e9e internationale dans le monde du Bricolage et du Jardinage, adapt\u00e9e aux exigences du march\u00e9 et avec sa propre indentit\u00e9 et capable de satisfaire aux besoins les plus exigents, tout en cr\u00e9ant de la valeur pour nous actionnaires et en devenant un partenaire strat\u00e9gique dans notre canal et le collaborateur le plus actif de nos fournisseurs et le foyer pr\u00e9f\u00e9r\u00e9 de nos salari\u00e9s pour qu&#8217;ils y \u00e9voluent personnellement et professionnellement.<\/p>\n    <\/div>\n<\/div>\n\n<div id=\"checkered-block_6261135dd6688\" class=\"checkered_block checkered_block-direction_right\">\n    <figure class=\"checkered_block-image\"><img decoding=\"async\" src=\"https:\/\/catralgarden.com\/fr\/wp-content\/uploads\/sites\/3\/2022\/06\/valores2.jpg\" alt=\"Compagnie 4\" \/><\/figure>\n    <div class=\"checkered_block-content\">\n        <h2>Valeurs<\/h2>\n<p>Nos valeurs nous guident dans tout ce que nous accomplissons. Et tout commence par les personnes qui font de Catral l&#8217;entreprise qu&#8217;elle est, gr\u00e2ce \u00e0 notre engagement, implication, r\u00e9silience et culture de l&#8217;effort.<\/p>\n<p>Pour continuer ensuite avec la responsabilit\u00e9, la durabilit\u00e9, l&#8217;honn\u00eatet\u00e9, l&#8217;\u00e9thique et l&#8217;humanit\u00e9 envers la soci\u00e9t\u00e9 et l&#8217;environnement dans tous nos processus, tout en respectant nos engagements et en g\u00e9n\u00e9rant de la confiance aupr\u00e8s de nos travailleurs, clients, collaborateurs et fournisseurs.<\/p>\n    <\/div>\n<\/div>","protected":false},"excerpt":{"rendered":"","protected":false},"author":1,"featured_media":4074,"parent":0,"menu_order":0,"comment_status":"closed","ping_status":"closed","template":"page-template\/corporativa.php","meta":{"_acf_changed":false,"footnotes":""},"class_list":["post-126","page","type-page","status-publish","has-post-thumbnail","hentry"],"acf":[],"_links":{"self":[{"href":"https:\/\/catralgarden.com\/fr\/wp-json\/wp\/v2\/pages\/126","targetHints":{"allow":["GET"]}}],"collection":[{"href":"https:\/\/catralgarden.com\/fr\/wp-json\/wp\/v2\/pages"}],"about":[{"href":"https:\/\/catralgarden.com\/fr\/wp-json\/wp\/v2\/types\/page"}],"author":[{"embeddable":true,"href":"https:\/\/catralgarden.com\/fr\/wp-json\/wp\/v2\/users\/1"}],"replies":[{"embeddable":true,"href":"https:\/\/catralgarden.com\/fr\/wp-json\/wp\/v2\/comments?post=126"}],"version-history":[{"count":27,"href":"https:\/\/catralgarden.com\/fr\/wp-json\/wp\/v2\/pages\/126\/revisions"}],"predecessor-version":[{"id":4143,"href":"https:\/\/catralgarden.com\/fr\/wp-json\/wp\/v2\/pages\/126\/revisions\/4143"}],"wp:featuredmedia":[{"embeddable":true,"href":"https:\/\/catralgarden.com\/fr\/wp-json\/wp\/v2\/media\/4074"}],"wp:attachment":[{"href":"https:\/\/catralgarden.com\/fr\/wp-json\/wp\/v2\/media?parent=126"}],"curies":[{"name":"wp","href":"https:\/\/api.w.org\/{rel}","templated":true}]}}