{"id":2,"date":"2016-05-10T03:48:21","date_gmt":"2016-05-10T03:48:21","guid":{"rendered":"http:\/\/catralgarden.com\/?page_id=2"},"modified":"2025-02-14T12:58:38","modified_gmt":"2025-02-14T12:58:38","slug":"sample-page","status":"publish","type":"page","link":"https:\/\/catralgarden.com\/fr\/","title":{"rendered":"Catral Garden and Home"},"content":{"rendered":"\n<h1 class=\"wp-block-heading\">Conna\u00eetre Catral Garden<\/h1>\n\n\n\n<p>Depuis 1928, nous sommes pionniers dans la production de dissimulation et de cl\u00f4tures pour jardin.<\/p>\n\n\n\n<p>Avec un service de premi\u00e8re qualit\u00e9, nous agissons en tant que fournisseurs strat\u00e9giques sur la principale cha\u00eene de distribution europ\u00e9enne.<\/p>\n\n\n\n<p>Nous connaissons parfaitement le march\u00e9 du jardinage, mais aussi les besoins des petits et des grands distributeurs, ainsi que des consommateurs.<\/p>\n\n\n\n<p><a href=\"https:\/\/catralgarden.com\/fr\/empresa\/\" data-type=\"URL\" data-id=\"https:\/\/catralgarden.com\/fr\/empresa\/\">D\u00e9couvrez-nous<\/a><\/p>\n","protected":false},"excerpt":{"rendered":"<p>Conna\u00eetre Catral Garden Depuis 1928, nous sommes pionniers dans la production de dissimulation et de cl\u00f4tures pour jardin. Avec un service de premi\u00e8re qualit\u00e9, nous agissons en tant que fournisseurs strat\u00e9giques sur la principale cha\u00eene de distribution europ\u00e9enne. Nous connaissons parfaitement le march\u00e9 du jardinage, mais aussi les besoins des petits et des grands distributeurs, [&hellip;]<\/p>\n","protected":false},"author":1,"featured_media":0,"parent":0,"menu_order":0,"comment_status":"closed","ping_status":"open","template":"","meta":{"_acf_changed":false,"footnotes":""},"class_list":["post-2","page","type-page","status-publish","hentry"],"acf":[],"_links":{"self":[{"href":"https:\/\/catralgarden.com\/fr\/wp-json\/wp\/v2\/pages\/2","targetHints":{"allow":["GET"]}}],"collection":[{"href":"https:\/\/catralgarden.com\/fr\/wp-json\/wp\/v2\/pages"}],"about":[{"href":"https:\/\/catralgarden.com\/fr\/wp-json\/wp\/v2\/types\/page"}],"author":[{"embeddable":true,"href":"https:\/\/catralgarden.com\/fr\/wp-json\/wp\/v2\/users\/1"}],"replies":[{"embeddable":true,"href":"https:\/\/catralgarden.com\/fr\/wp-json\/wp\/v2\/comments?post=2"}],"version-history":[{"count":57,"href":"https:\/\/catralgarden.com\/fr\/wp-json\/wp\/v2\/pages\/2\/revisions"}],"predecessor-version":[{"id":4297,"href":"https:\/\/catralgarden.com\/fr\/wp-json\/wp\/v2\/pages\/2\/revisions\/4297"}],"wp:attachment":[{"href":"https:\/\/catralgarden.com\/fr\/wp-json\/wp\/v2\/media?parent=2"}],"curies":[{"name":"wp","href":"https:\/\/api.w.org\/{rel}","templated":true}]}}